
{"id":103,"date":"2015-10-21T11:43:02","date_gmt":"2015-10-21T09:43:02","guid":{"rendered":"http:\/\/www.posthof.be\/fr\/?page_id=103"},"modified":"2015-11-24T15:33:56","modified_gmt":"2015-11-24T14:33:56","slug":"fetes","status":"publish","type":"page","link":"https:\/\/posthof.be\/fr\/fetes\/","title":{"rendered":"F\u00eates"},"content":{"rendered":"<p>Het Posthof est un somptueux endroit aux possibilit\u00e9s \u00e9tendues.<\/p>\n<p>Ce superbe et accueillant complexe de salles de f\u00eate garantit de nombreux \u00e9v\u00e9nements festifs. L\u2019environnement particulier et les magnifiques salles authentiques repr\u00e9sentent une valeur ajout\u00e9e consid\u00e9rable pour chaque occasion. Agr\u00e9able et fabuleux sont les qualificatifs qui conviennent pour ce complexe exceptionnel. Les propri\u00e9taires enthousiastes et leur \u00e9quipe professionnelle se chargent de votre f\u00eate jusque dans les moindres d\u00e9tails et tiennent compte de chaque aspect. La situation unique et le jardin font du Het Posthof un endroit de r\u00eave. Chaque f\u00eate devient ici un jour particulier, inoubliable.<br \/>\nLa gastronomie de haut niveau est \u00e9galement au rendez-vous. Les fins gourmets seront g\u00e2t\u00e9s avec les plats les plus exquis de nos traiteurs Felix Alen, Huis Van Dijck et Postelein. Nous concoctons avec vous le meilleur d\u00eener, un somptueux walking dinner, de d\u00e9licieux amuse-gueules et les boissons les plus raffin\u00e9es. Notre carte des vins propose un choix \u00e9tonnant.<\/p>\n<h2>C\u00e9l\u00e9brations de mariages, r\u00e9ceptions, communions,<\/h2>\n<h2>f\u00eate des b\u00e9b\u00e9s, f\u00eates de famille, f\u00eates du personnel, jubil\u00e9s, \u2026<\/h2>\n<p>Vous recevez tous les conseils n\u00e9cessaires pour votre f\u00eate. De nombreuses formules sont propos\u00e9es afin d\u2019organiser des f\u00eates somptueuses \u00e0 la port\u00e9e de toutes les bourses. R\u00e9ceptions, banquets, walking dinners\u2026 <a href=\"https:\/\/posthof.be\/fr\/contact-fr\/\">Contactez-nous pour en savoir plus<\/a>.<\/p>\n","protected":false},"excerpt":{"rendered":"<p>Het Posthof est un somptueux endroit aux possibilit\u00e9s \u00e9tendues. Ce superbe et accueillant complexe de salles de f\u00eate garantit de<a class=\"readmore\" href=\"https:\/\/posthof.be\/fr\/fetes\/\">En savoir plus &raquo;<\/a><\/p>\n","protected":false},"author":1,"featured_media":0,"parent":0,"menu_order":3,"comment_status":"closed","ping_status":"closed","template":"","meta":{"ngg_post_thumbnail":0,"footnotes":""},"class_list":["post-103","page","type-page","status-publish","hentry"],"_links":{"self":[{"href":"https:\/\/posthof.be\/fr\/wp-json\/wp\/v2\/pages\/103","targetHints":{"allow":["GET"]}}],"collection":[{"href":"https:\/\/posthof.be\/fr\/wp-json\/wp\/v2\/pages"}],"about":[{"href":"https:\/\/posthof.be\/fr\/wp-json\/wp\/v2\/types\/page"}],"author":[{"embeddable":true,"href":"https:\/\/posthof.be\/fr\/wp-json\/wp\/v2\/users\/1"}],"replies":[{"embeddable":true,"href":"https:\/\/posthof.be\/fr\/wp-json\/wp\/v2\/comments?post=103"}],"version-history":[{"count":4,"href":"https:\/\/posthof.be\/fr\/wp-json\/wp\/v2\/pages\/103\/revisions"}],"predecessor-version":[{"id":377,"href":"https:\/\/posthof.be\/fr\/wp-json\/wp\/v2\/pages\/103\/revisions\/377"}],"wp:attachment":[{"href":"https:\/\/posthof.be\/fr\/wp-json\/wp\/v2\/media?parent=103"}],"curies":[{"name":"wp","href":"https:\/\/api.w.org\/{rel}","templated":true}]}}