
{"id":106,"date":"2015-10-21T11:44:58","date_gmt":"2015-10-21T09:44:58","guid":{"rendered":"http:\/\/www.posthof.be\/fr\/?page_id=106"},"modified":"2015-11-24T15:24:45","modified_gmt":"2015-11-24T14:24:45","slug":"mariage","status":"publish","type":"page","link":"https:\/\/posthof.be\/fr\/fetes\/mariage\/","title":{"rendered":"Mariage"},"content":{"rendered":"<p>Het Posthof est l\u2019endroit r\u00eav\u00e9 pour c\u00e9l\u00e9brer un \u00e9v\u00e9nement inoubliable.<\/p>\n<p>Chez nous, le plus beau jour de votre vie sera une journ\u00e9e insouciante et ensorceleuse. Mariage en grandes pompes ou f\u00eate intime, nous proposons un large \u00e9ventail de possibilit\u00e9s et de formules. Het Posthof r\u00e9alise l\u2019impossible : l\u2019organisation de votre r\u00e9ception, d\u00eener, walking dinner ou bal. Les pr\u00e9paratifs sont aussi des moments palpitants. Nous nous chargeons de tout dans les moindres d\u00e9tails.<\/p>\n<h2>Profiter en toute insouciance d\u2019une merveilleuse journ\u00e9e<\/h2>\n<p>Pendant votre mariage au Het Posthof, nous ouvrons l\u2019\u0153il pour que vous puissiez profiter en toute insouciance d\u2019une merveilleuse journ\u00e9e et l\u2019un de l\u2019autre. Les salles accueillantes et climatis\u00e9es comme le Grand Ball, De Purple Glam ou Cosy repr\u00e9sentent une valeur ajout\u00e9e pour votre grand jour. Par beau temps, la r\u00e9ception peut se d\u00e9rouler sur les magnifiques terrasses. Vos invit\u00e9s seront surpris par le caract\u00e8re champ\u00eatre et d\u00e9contract\u00e9.<\/p>\n<p>La gastronomie de haut niveau est \u00e9galement au rendez-vous. Les fins gourmets seront g\u00e2t\u00e9s avec les plats les plus exquis de nos traiteurs Felix Alen, Huis Van Dijck et Postelein. Nous concoctons avec vous le meilleur d\u00eener, un somptueux walking dinner, de d\u00e9licieux amuse-gueules et les boissons les plus raffin\u00e9es. Notre carte des vins propose un choix \u00e9tonnant.<\/p>\n","protected":false},"excerpt":{"rendered":"<p>Le jour le plus beau de votre vie doit passer d&#8217;une mani\u00e8re impeccable. Chez Salles des F\u00eates Het Posthof, les jeunes mari\u00e9s peuvent recevoir leurs invit\u00e9s de la meilleure fa\u00e7on.<\/p>\n","protected":false},"author":1,"featured_media":67,"parent":103,"menu_order":1,"comment_status":"closed","ping_status":"closed","template":"","meta":{"ngg_post_thumbnail":0,"footnotes":""},"class_list":["post-106","page","type-page","status-publish","has-post-thumbnail","hentry"],"_links":{"self":[{"href":"https:\/\/posthof.be\/fr\/wp-json\/wp\/v2\/pages\/106","targetHints":{"allow":["GET"]}}],"collection":[{"href":"https:\/\/posthof.be\/fr\/wp-json\/wp\/v2\/pages"}],"about":[{"href":"https:\/\/posthof.be\/fr\/wp-json\/wp\/v2\/types\/page"}],"author":[{"embeddable":true,"href":"https:\/\/posthof.be\/fr\/wp-json\/wp\/v2\/users\/1"}],"replies":[{"embeddable":true,"href":"https:\/\/posthof.be\/fr\/wp-json\/wp\/v2\/comments?post=106"}],"version-history":[{"count":6,"href":"https:\/\/posthof.be\/fr\/wp-json\/wp\/v2\/pages\/106\/revisions"}],"predecessor-version":[{"id":374,"href":"https:\/\/posthof.be\/fr\/wp-json\/wp\/v2\/pages\/106\/revisions\/374"}],"up":[{"embeddable":true,"href":"https:\/\/posthof.be\/fr\/wp-json\/wp\/v2\/pages\/103"}],"wp:featuredmedia":[{"embeddable":true,"href":"https:\/\/posthof.be\/fr\/wp-json\/wp\/v2\/media\/67"}],"wp:attachment":[{"href":"https:\/\/posthof.be\/fr\/wp-json\/wp\/v2\/media?parent=106"}],"curies":[{"name":"wp","href":"https:\/\/api.w.org\/{rel}","templated":true}]}}