
{"id":108,"date":"2015-10-21T11:45:47","date_gmt":"2015-10-21T09:45:47","guid":{"rendered":"http:\/\/www.posthof.be\/fr\/?page_id=108"},"modified":"2015-11-24T15:25:25","modified_gmt":"2015-11-24T14:25:25","slug":"receptions","status":"publish","type":"page","link":"https:\/\/posthof.be\/fr\/fetes\/receptions\/","title":{"rendered":"R\u00e9ceptions"},"content":{"rendered":"<p>Les r\u00e9ceptions au Het Posthof sont des \u00e9v\u00e9nements particuliers : mariage, d\u00e9part \u00e0 la retraite, jubil\u00e9s, \u00e9v\u00e9nements professionnels, &#8230; Le superbe environnement donne une valeur ajout\u00e9e \u00e0 chaque occasion. Pendant que vous profitez de vos invit\u00e9s, notre \u00e9quipe veille \u00e0 ce rien ne leur manque. De d\u00e9licieux amuse-gueules et boissons et un service courtois et accueillant contribuent \u00e0 l\u2019ambiance de f\u00eate.<\/p>\n<p>Le somptueux environnement et les magnifiques terrasses permettent d\u2019organiser la r\u00e9ception \u00e0 l\u2019ext\u00e9rieur par beau temps. Vous pouvez alors profiter de la verdure dans le domaine. La pr\u00e9paration soign\u00e9e de chaque r\u00e9ception garantit que rien ne sera laiss\u00e9 au hasard. L\u2019organisation parfaite fera de cette r\u00e9ception un \u00e9v\u00e9nement dont vos invit\u00e9s se souviendront toujours.<\/p>\n","protected":false},"excerpt":{"rendered":"<p>Une r\u00e9ception styl\u00e9e pour une f\u00eate de famille ou une r\u00e9union d&#8217;affaires? De grandes et petites groupes auront un acceuil chaleureux dans nos salles des f\u00eates confortables.<\/p>\n","protected":false},"author":1,"featured_media":69,"parent":103,"menu_order":2,"comment_status":"closed","ping_status":"closed","template":"","meta":{"ngg_post_thumbnail":0,"footnotes":""},"class_list":["post-108","page","type-page","status-publish","has-post-thumbnail","hentry"],"_links":{"self":[{"href":"https:\/\/posthof.be\/fr\/wp-json\/wp\/v2\/pages\/108","targetHints":{"allow":["GET"]}}],"collection":[{"href":"https:\/\/posthof.be\/fr\/wp-json\/wp\/v2\/pages"}],"about":[{"href":"https:\/\/posthof.be\/fr\/wp-json\/wp\/v2\/types\/page"}],"author":[{"embeddable":true,"href":"https:\/\/posthof.be\/fr\/wp-json\/wp\/v2\/users\/1"}],"replies":[{"embeddable":true,"href":"https:\/\/posthof.be\/fr\/wp-json\/wp\/v2\/comments?post=108"}],"version-history":[{"count":6,"href":"https:\/\/posthof.be\/fr\/wp-json\/wp\/v2\/pages\/108\/revisions"}],"predecessor-version":[{"id":375,"href":"https:\/\/posthof.be\/fr\/wp-json\/wp\/v2\/pages\/108\/revisions\/375"}],"up":[{"embeddable":true,"href":"https:\/\/posthof.be\/fr\/wp-json\/wp\/v2\/pages\/103"}],"wp:featuredmedia":[{"embeddable":true,"href":"https:\/\/posthof.be\/fr\/wp-json\/wp\/v2\/media\/69"}],"wp:attachment":[{"href":"https:\/\/posthof.be\/fr\/wp-json\/wp\/v2\/media?parent=108"}],"curies":[{"name":"wp","href":"https:\/\/api.w.org\/{rel}","templated":true}]}}